{"id":157,"date":"2024-12-29T10:58:22","date_gmt":"2024-12-29T10:58:22","guid":{"rendered":"https:\/\/projectessastre.com\/?page_id=157"},"modified":"2024-12-29T17:46:55","modified_gmt":"2024-12-29T17:46:55","slug":"cookie-preferences","status":"publish","type":"page","link":"https:\/\/projectessastre.com\/en\/preferencias-de-cookies\/","title":{"rendered":"Cookie Preferences"},"content":{"rendered":"<div data-elementor-type=\"wp-page\" data-elementor-id=\"157\" class=\"elementor elementor-157\" data-elementor-post-type=\"page\">\n\t\t\t\t\t\t<section class=\"elementor-section elementor-top-section elementor-element elementor-element-21afe182 elementor-section-content-middle elementor-section-boxed elementor-section-height-default elementor-section-height-default\" data-id=\"21afe182\" data-element_type=\"section\" data-e-type=\"section\" data-settings=\"{&quot;background_background&quot;:&quot;classic&quot;}\">\n\t\t\t\t\t\t<div class=\"elementor-container elementor-column-gap-no\">\n\t\t\t\t\t<div class=\"elementor-column elementor-col-100 elementor-top-column elementor-element elementor-element-3c5835a6\" data-id=\"3c5835a6\" data-element_type=\"column\" data-e-type=\"column\">\n\t\t\t<div class=\"elementor-widget-wrap elementor-element-populated\">\n\t\t\t\t\t\t<div class=\"elementor-element elementor-element-6bdac2f1 elementor-widget elementor-widget-heading\" data-id=\"6bdac2f1\" data-element_type=\"widget\" data-e-type=\"widget\" data-widget_type=\"heading.default\">\n\t\t\t\t<div class=\"elementor-widget-container\">\n\t\t\t\t\t<h1 class=\"elementor-heading-title elementor-size-default\">Cookie Preferences<\/h1>\t\t\t\t<\/div>\n\t\t\t\t<\/div>\n\t\t\t\t<div class=\"elementor-element elementor-element-66845a5d elementor-widget elementor-widget-text-editor\" data-id=\"66845a5d\" data-element_type=\"widget\" data-e-type=\"widget\" data-widget_type=\"text-editor.default\">\n\t\t\t\t<div class=\"elementor-widget-container\">\n\t\t\t\t\t\t\t\t\t<div><div id=\"custom-cookies-eu-label\">The website https:\/\/projectessastre.com uses its own and third-party cookies for its correct operation and for analytical purposes. By clicking the Accept button, you agree to the use of these technologies and the processing of your data for these purposes.<\/div><div>\u00a0<\/div><div id=\"custom-cookies-eu-buttons\" class=\"cookies-eu-buttons\"><button id=\"custom-cookies-eu-reject\" class=\"cookies-eu-reject\">Decline<\/button>\u00a0<button id=\"custom-cookies-eu-accept\" class=\"cookies-eu-accept\">ACCEPT ALL COOKIES<\/button><\/div><\/div><p>\u00a0<\/p><p>You can change your cookie preferences at any time by returning to the Customise Cookies page, which you can access via the Cookie Notice. For more information about cookies and how we use them, please see the Cookies page.\u00a0<a href=\"https:\/\/projectessastre.com\/en\/cookies-policy\/\">Cookie Policy<\/a>.<\/p><h3>Technical cookies<\/h3><p>These are those that allow registered users to navigate through the website, the restricted area and use its different functions, such as the comment system or the search engine and cannot be deactivated.<\/p><div class=\"custom-cookies-option\"><h3>Analysis or measurement cookies<\/h3><input id=\"custom-cookies-accept-analytics\" class=\"custom-cookies-radio\" name=\"cookies-analytics-option\" type=\"radio\" value=\"true\" data-consent=\"ANLTCS\" \/>\u00a0<label for=\"custom-cookies-accept-analytics\">Activate<\/label>\u00a0\u00a0\u00a0\u00a0<input id=\"custom-cookies-reject-analytics\" class=\"custom-cookies-radio\" checked=\"checked\" name=\"cookies-analytics-option\" type=\"radio\" value=\"false\" data-consent=\"ANLTCS\" \/>\u00a0<label for=\"custom-cookies-reject-analytics\">Deactivate<\/label><\/div><p>These are cookies that, whether processed by the website or by third parties, allow the number of users to be quantified and thus perform statistical measurements and analyses of how users use the website. To do this, your browsing on this website is analysed in order to improve it.<\/p><div class=\"custom-cookies-option\"><h3>Social cookies<\/h3><input id=\"custom-cookies-accept-social\" class=\"custom-cookies-radio\" name=\"cookies-social-option\" type=\"radio\" value=\"true\" data-consent=\"SCLS\" \/>\u00a0<label for=\"custom-cookies-accept-social\">Activate<\/label>\u00a0\u00a0\u00a0\u00a0<input id=\"custom-cookies-reject-social\" class=\"custom-cookies-radio\" checked=\"checked\" name=\"cookies-social-option\" type=\"radio\" value=\"false\" data-consent=\"SCLS\" \/>\u00a0<label for=\"custom-cookies-reject-social\">Deactivate<\/label><\/div><p>They are set by social media platforms to allow users to share content with their friends and networks.<\/p>\t\t\t\t\t\t\t\t<\/div>\n\t\t\t\t<\/div>\n\t\t\t\t\t<\/div>\n\t\t<\/div>\n\t\t\t\t\t<\/div>\n\t\t<\/section>\n\t\t\t\t<\/div>","protected":false},"excerpt":{"rendered":"<p>Preferencias de Cookies El sitio Web https:\/\/projectessastre.com utiliza cookies propias y de terceros para su correcto funcionamiento y para fines anal\u00edticos. Al hacer clic en el bot\u00f3n Aceptar, acepta el uso de estas tecnolog\u00edas y el procesamiento de sus datos para estos prop\u00f3sitos.\u00a0Rechazar\u00a0ACEPTAR TODAS LAS COOKIES \u00a0 Puedes cambiar tus preferencias de cookies en cualquier [&hellip;]<\/p>\n","protected":false},"author":1,"featured_media":0,"parent":0,"menu_order":0,"comment_status":"closed","ping_status":"closed","template":"elementor_header_footer","meta":{"_joinchat":[],"footnotes":""},"class_list":["post-157","page","type-page","status-publish","hentry"],"yoast_head":"<!-- This site is optimized with the Yoast SEO plugin v27.4 - https:\/\/yoast.com\/product\/yoast-seo-wordpress\/ -->\n<title>Preferencias de Cookies - Projectes Sastre<\/title>\n<meta name=\"robots\" content=\"noindex, nofollow\" \/>\n<meta property=\"og:locale\" content=\"en_GB\" \/>\n<meta property=\"og:type\" content=\"article\" \/>\n<meta property=\"og:title\" content=\"Preferencias de Cookies - Projectes Sastre\" \/>\n<meta property=\"og:description\" content=\"Preferencias de Cookies El sitio Web https:\/\/projectessastre.com utiliza cookies propias y de terceros para su correcto funcionamiento y para fines anal\u00edticos. Al hacer clic en el bot\u00f3n Aceptar, acepta el uso de estas tecnolog\u00edas y el procesamiento de sus datos para estos prop\u00f3sitos.\u00a0Rechazar\u00a0ACEPTAR TODAS LAS COOKIES \u00a0 Puedes cambiar tus preferencias de cookies en cualquier [&hellip;]\" \/>\n<meta property=\"og:url\" content=\"https:\/\/projectessastre.com\/en\/cookie-preferences\/\" \/>\n<meta property=\"og:site_name\" content=\"Projectes Sastre\" \/>\n<meta property=\"article:modified_time\" content=\"2024-12-29T17:46:55+00:00\" \/>\n<meta name=\"twitter:card\" content=\"summary_large_image\" \/>\n<meta name=\"twitter:label1\" content=\"Estimated reading time\" \/>\n\t<meta name=\"twitter:data1\" content=\"1 minute\" \/>\n<!-- \/ Yoast SEO plugin. -->","yoast_head_json":{"title":"Cookie Preferences - Projectes Sastre","robots":{"index":"noindex","follow":"nofollow"},"og_locale":"en_GB","og_type":"article","og_title":"Preferencias de Cookies - Projectes Sastre","og_description":"Preferencias de Cookies El sitio Web https:\/\/projectessastre.com utiliza cookies propias y de terceros para su correcto funcionamiento y para fines anal\u00edticos. Al hacer clic en el bot\u00f3n Aceptar, acepta el uso de estas tecnolog\u00edas y el procesamiento de sus datos para estos prop\u00f3sitos.\u00a0Rechazar\u00a0ACEPTAR TODAS LAS COOKIES \u00a0 Puedes cambiar tus preferencias de cookies en cualquier [&hellip;]","og_url":"https:\/\/projectessastre.com\/en\/cookie-preferences\/","og_site_name":"Projectes Sastre","article_modified_time":"2024-12-29T17:46:55+00:00","twitter_card":"summary_large_image","twitter_misc":{"Estimated reading time":"1 minute"},"schema":{"@context":"https:\/\/schema.org","@graph":[{"@type":"WebPage","@id":"https:\/\/projectessastre.com\/preferencias-de-cookies\/","url":"https:\/\/projectessastre.com\/preferencias-de-cookies\/","name":"Cookie Preferences - Projectes Sastre","isPartOf":{"@id":"https:\/\/projectessastre.com\/#website"},"datePublished":"2024-12-29T10:58:22+00:00","dateModified":"2024-12-29T17:46:55+00:00","breadcrumb":{"@id":"https:\/\/projectessastre.com\/preferencias-de-cookies\/#breadcrumb"},"inLanguage":"en-GB","potentialAction":[{"@type":"ReadAction","target":["https:\/\/projectessastre.com\/preferencias-de-cookies\/"]}]},{"@type":"BreadcrumbList","@id":"https:\/\/projectessastre.com\/preferencias-de-cookies\/#breadcrumb","itemListElement":[{"@type":"ListItem","position":1,"name":"Portada","item":"https:\/\/projectessastre.com\/"},{"@type":"ListItem","position":2,"name":"Preferencias de Cookies"}]},{"@type":"WebSite","@id":"https:\/\/projectessastre.com\/#website","url":"https:\/\/projectessastre.com\/","name":"Projectes Sastre","description":"Polishing, Vitrification and Sandblasting in Mallorca","potentialAction":[{"@type":"SearchAction","target":{"@type":"EntryPoint","urlTemplate":"https:\/\/projectessastre.com\/?s={search_term_string}"},"query-input":{"@type":"PropertyValueSpecification","valueRequired":true,"valueName":"search_term_string"}}],"inLanguage":"en-GB"}]}},"_links":{"self":[{"href":"https:\/\/projectessastre.com\/en\/wp-json\/wp\/v2\/pages\/157","targetHints":{"allow":["GET"]}}],"collection":[{"href":"https:\/\/projectessastre.com\/en\/wp-json\/wp\/v2\/pages"}],"about":[{"href":"https:\/\/projectessastre.com\/en\/wp-json\/wp\/v2\/types\/page"}],"author":[{"embeddable":true,"href":"https:\/\/projectessastre.com\/en\/wp-json\/wp\/v2\/users\/1"}],"replies":[{"embeddable":true,"href":"https:\/\/projectessastre.com\/en\/wp-json\/wp\/v2\/comments?post=157"}],"version-history":[{"count":4,"href":"https:\/\/projectessastre.com\/en\/wp-json\/wp\/v2\/pages\/157\/revisions"}],"predecessor-version":[{"id":252,"href":"https:\/\/projectessastre.com\/en\/wp-json\/wp\/v2\/pages\/157\/revisions\/252"}],"wp:attachment":[{"href":"https:\/\/projectessastre.com\/en\/wp-json\/wp\/v2\/media?parent=157"}],"curies":[{"name":"wp","href":"https:\/\/api.w.org\/{rel}","templated":true}]}}